{"id":70,"date":"2024-05-14T22:32:21","date_gmt":"2024-05-14T22:32:21","guid":{"rendered":"https:\/\/gabinetmysliwy.pl\/?page_id=70"},"modified":"2024-09-01T20:08:23","modified_gmt":"2024-09-01T20:08:23","slug":"o-mnie","status":"publish","type":"page","link":"https:\/\/gabinetmysliwy.pl\/index.php\/odkryj-sile-umyslu\/o-mnie\/","title":{"rendered":"O mnie"},"content":{"rendered":"\t\t<div data-elementor-type=\"wp-page\" data-elementor-id=\"70\" class=\"elementor elementor-70\">\n\t\t\t\t<div class=\"elementor-element elementor-element-540ca48 e-flex e-con-boxed e-con e-parent\" data-id=\"540ca48\" data-element_type=\"container\" data-e-type=\"container\">\n\t\t\t\t\t<div class=\"e-con-inner\">\n\t\t\t\t<div class=\"elementor-element elementor-element-59ccc29 elementor-widget__width-initial elementor-widget elementor-widget-image\" data-id=\"59ccc29\" data-element_type=\"widget\" data-e-type=\"widget\" data-widget_type=\"image.default\">\n\t\t\t\t<div class=\"elementor-widget-container\">\n\t\t\t\t\t\t\t\t\t\t\t\t\t\t\t<img fetchpriority=\"high\" decoding=\"async\" width=\"687\" height=\"854\" src=\"https:\/\/gabinetmysliwy.pl\/wp-content\/uploads\/2024\/09\/Agnieszka-M.-240901-1.jpg\" class=\"attachment-medium_large size-medium_large wp-image-98\" alt=\"\" srcset=\"https:\/\/gabinetmysliwy.pl\/wp-content\/uploads\/2024\/09\/Agnieszka-M.-240901-1.jpg 687w, https:\/\/gabinetmysliwy.pl\/wp-content\/uploads\/2024\/09\/Agnieszka-M.-240901-1-241x300.jpg 241w\" sizes=\"(max-width: 687px) 100vw, 687px\" \/>\t\t\t\t\t\t\t\t\t\t\t\t\t\t\t<\/div>\n\t\t\t\t<\/div>\n\t\t\t\t\t<\/div>\n\t\t\t\t<\/div>\n\t\t<div class=\"elementor-element elementor-element-78c61dc e-flex e-con-boxed e-con e-parent\" data-id=\"78c61dc\" data-element_type=\"container\" data-e-type=\"container\">\n\t\t\t\t\t<div class=\"e-con-inner\">\n\t\t\t\t<div class=\"elementor-element elementor-element-754b8eb elementor-widget elementor-widget-heading\" data-id=\"754b8eb\" data-element_type=\"widget\" data-e-type=\"widget\" data-widget_type=\"heading.default\">\n\t\t\t\t<div class=\"elementor-widget-container\">\n\t\t\t\t\t<h2 class=\"elementor-heading-title elementor-size-default\"><span lang=\"PL\" style=\"color:black;background:white\">mgr Agnieszka My\u015bliwy - psycholog, psychoterapeuta<\/span><span lang=\"PL\" style=\"background:white\"><\/span><\/h2>\t\t\t\t<\/div>\n\t\t\t\t<\/div>\n\t\t\t\t<div class=\"elementor-element elementor-element-bc8f34b elementor-widget elementor-widget-text-editor\" data-id=\"bc8f34b\" data-element_type=\"widget\" data-e-type=\"widget\" data-widget_type=\"text-editor.default\">\n\t\t\t\t<div class=\"elementor-widget-container\">\n\t\t\t\t\t\t\t\t\t<p>Jestem absolwentk\u0105 psychologii stosowanej na Uniwersytecie Jagiello\u0144skim w Krakowie. Uko\u0144czy\u0142am czteroletni podyplomowy kurs Psychoterapii Psychodynamicznej organizowany przez Oddzia\u0142 Leczenia Nerwic i Zaburze\u0144 Osobowo\u015bci Collegium Medicum UJ. Jest to kurs atestowany przez Sekcj\u0119 Naukow\u0105 Psychoterapii i Sekcj\u0119 Naukow\u0105 Terapii Rodzin Polskiego Towarzystwa Psychiatrycznego, kt\u00f3ry prowadzi do uzyskania Certyfikatu Psychoterapeuty. Obecnie pracuj\u0119 pod superwizj\u0105 do\u015bwiadczonego psychoterapeuty, co pozwala mi na ci\u0105g\u0142y rozw\u00f3j i doskonalenie umiej\u0119tno\u015bci terapeutycznych.<br><br>Dodatkowo, uko\u0144czy\u0142am specjalizacj\u0119 z psychologii sportu pod kierunkiem prof. Jana Blecharza, realizowan\u0105 na Akademii Wychowania Fizycznego w Krakowie. Posiadam bogate do\u015bwiadczenie w pracy z dzie\u0107mi, m\u0142odzie\u017c\u0105 oraz osobami doros\u0142ymi, zdobyte podczas licznych sta\u017cy, m.in. na Oddziale Leczenia Nerwic i Zaburze\u0144 Osobowo\u015bci Collegium Medicum UJ oraz w Zak\u0142adzie Psychoterapii Szpitala Uniwersyteckiego w Krakowie. <br><br>Moja praktyka zawodowa obejmuje r\u00f3wnie\u017c prac\u0119 w Uniwersyteckim Szpitalu Dzieci\u0119cym w Prokocimiu, w Stowarzyszeniu Siemacha oraz w poradniach psychologicznych dla dzieci, m\u0142odzie\u017cy i os\u00f3b doros\u0142ych. Posiadam do\u015bwiadczenie w prowadzeniu zar\u00f3wno terapii grupowej, jak i indywidualnej, zdobyte m.in. podczas pracy na Dziennym Oddziale Psychiatrycznym SCANMED w Krakowie. Obecnie zajmuj\u0119 si\u0119 problematyk\u0105 psychosomatyczn\u0105 w Szpitalu \u015aw. Rafa\u0142a.<br><br>W mojej pracy k\u0142ad\u0119 nacisk na budowanie silnej relacji terapeutycznej z pacjentem, zapewniaj\u0105c przyjazn\u0105 atmosfer\u0119 i profesjonalne podej\u015bcie do rozwi\u0105zywania problem\u00f3w. Jestem zaanga\u017cowana w ci\u0105g\u0142e doskonalenie swoich umiej\u0119tno\u015bci oraz poszerzanie wiedzy, aby m\u00f3c skutecznie wspiera\u0107 osoby potrzebuj\u0105ce pomocy psychologicznej.<br><\/p>\t\t\t\t\t\t\t\t<\/div>\n\t\t\t\t<\/div>\n\t\t\t\t\t<\/div>\n\t\t\t\t<\/div>\n\t\t\t\t<\/div>\n\t\t","protected":false},"excerpt":{"rendered":"<p>mgr Agnieszka My\u015bliwy &#8211; psycholog, psychoterapeuta Jestem absolwentk\u0105 psychologii stosowanej na Uniwersytecie Jagiello\u0144skim w Krakowie. Uko\u0144czy\u0142am czteroletni podyplomowy kurs Psychoterapii Psychodynamicznej organizowany przez Oddzia\u0142 Leczenia Nerwic i Zaburze\u0144 Osobowo\u015bci Collegium Medicum UJ. Jest to kurs atestowany przez Sekcj\u0119 Naukow\u0105 Psychoterapii i Sekcj\u0119 Naukow\u0105 Terapii Rodzin Polskiego Towarzystwa Psychiatrycznego, kt\u00f3ry prowadzi do uzyskania Certyfikatu Psychoterapeuty. Obecnie <a class=\"read-more\" href=\"https:\/\/gabinetmysliwy.pl\/index.php\/odkryj-sile-umyslu\/o-mnie\/\">READ MORE<\/a><\/p>\n","protected":false},"author":1,"featured_media":0,"parent":2,"menu_order":2,"comment_status":"closed","ping_status":"closed","template":"","meta":{"footnotes":""},"class_list":["post-70","page","type-page","status-publish","hentry"],"yoast_head":"<!-- This site is optimized with the Yoast SEO plugin v27.3 - https:\/\/yoast.com\/product\/yoast-seo-wordpress\/ -->\n<title>O mnie - Agnieszka My\u015bliwy<\/title>\n<meta name=\"description\" content=\"Jestem absolwentk\u0105 psychologii stosowanej na Uniwersytecie Jagiello\u0144skim w Krakowie. Uko\u0144czy\u0142am czteroletni podyplomowy kurs Psychoterapii Psychodynamicznej organizowany przez Oddzia\u0142 Leczenia Nerwic i Zaburze\u0144 Osobowo\u015bci Collegium Medicum UJ. Jest to kurs atestowany przez Sekcj\u0119 Naukow\u0105 Psychoterapii i Sekcj\u0119 Naukow\u0105 Terapii Rodzin Polskiego Towarzystwa Psychiatrycznego, kt\u00f3ry prowadzi do uzyskania Certyfikatu Psychoterapeuty. Obecnie pracuj\u0119 pod superwizj\u0105 do\u015bwiadczonego psychoterapeuty, co pozwala mi na ci\u0105g\u0142y rozw\u00f3j i doskonalenie umiej\u0119tno\u015bci terapeutycznych.Dodatkowo, uko\u0144czy\u0142am specjalizacj\u0119 z psychologii sportu pod kierunkiem prof. Jana Blecharza, realizowan\u0105 na Akademii Wychowania Fizycznego w Krakowie. Posiadam bogate do\u015bwiadczenie w pracy z dzie\u0107mi, m\u0142odzie\u017c\u0105 oraz osobami doros\u0142ymi, zdobyte podczas licznych sta\u017cy, m.in. na Oddziale Leczenia Nerwic i Zaburze\u0144 Osobowo\u015bci Collegium Medicum UJ oraz w Zak\u0142adzie Psychoterapii Szpitala Uniwersyteckiego w Krakowie.Moja praktyka zawodowa obejmuje r\u00f3wnie\u017c prac\u0119 w Uniwersyteckim Szpitalu Dzieci\u0119cym w Prokocimiu, w Stowarzyszeniu Siemacha oraz w poradniach psychologicznych dla dzieci, m\u0142odzie\u017cy i os\u00f3b doros\u0142ych. Posiadam do\u015bwiadczenie w prowadzeniu zar\u00f3wno terapii grupowej, jak i indywidualnej, zdobyte m.in. podczas pracy na Dziennym Oddziale Psychiatrycznym SCANMED w Krakowie. Obecnie zajmuj\u0119 si\u0119 problematyk\u0105 psychosomatyczn\u0105 w Szpitalu \u015aw. Rafa\u0142a.W mojej pracy k\u0142ad\u0119 nacisk na budowanie silnej relacji terapeutycznej z pacjentem, zapewniaj\u0105c przyjazn\u0105 atmosfer\u0119 i profesjonalne podej\u015bcie do rozwi\u0105zywania problem\u00f3w. Jestem zaanga\u017cowana w ci\u0105g\u0142e doskonalenie swoich umiej\u0119tno\u015bci oraz poszerzanie wiedzy, aby m\u00f3c skutecznie wspiera\u0107 osoby potrzebuj\u0105ce pomocy psychologicznej.\" \/>\n<meta name=\"robots\" content=\"index, follow, max-snippet:-1, max-image-preview:large, max-video-preview:-1\" \/>\n<link rel=\"canonical\" href=\"https:\/\/gabinetmysliwy.pl\/index.php\/odkryj-sile-umyslu\/o-mnie\/\" \/>\n<meta property=\"og:locale\" content=\"en_US\" \/>\n<meta property=\"og:type\" content=\"article\" \/>\n<meta property=\"og:title\" content=\"O mnie - Agnieszka My\u015bliwy\" \/>\n<meta property=\"og:description\" content=\"Jestem absolwentk\u0105 psychologii stosowanej na Uniwersytecie Jagiello\u0144skim w Krakowie. Uko\u0144czy\u0142am czteroletni podyplomowy kurs Psychoterapii Psychodynamicznej organizowany przez Oddzia\u0142 Leczenia Nerwic i Zaburze\u0144 Osobowo\u015bci Collegium Medicum UJ. Jest to kurs atestowany przez Sekcj\u0119 Naukow\u0105 Psychoterapii i Sekcj\u0119 Naukow\u0105 Terapii Rodzin Polskiego Towarzystwa Psychiatrycznego, kt\u00f3ry prowadzi do uzyskania Certyfikatu Psychoterapeuty. Obecnie pracuj\u0119 pod superwizj\u0105 do\u015bwiadczonego psychoterapeuty, co pozwala mi na ci\u0105g\u0142y rozw\u00f3j i doskonalenie umiej\u0119tno\u015bci terapeutycznych.Dodatkowo, uko\u0144czy\u0142am specjalizacj\u0119 z psychologii sportu pod kierunkiem prof. Jana Blecharza, realizowan\u0105 na Akademii Wychowania Fizycznego w Krakowie. Posiadam bogate do\u015bwiadczenie w pracy z dzie\u0107mi, m\u0142odzie\u017c\u0105 oraz osobami doros\u0142ymi, zdobyte podczas licznych sta\u017cy, m.in. na Oddziale Leczenia Nerwic i Zaburze\u0144 Osobowo\u015bci Collegium Medicum UJ oraz w Zak\u0142adzie Psychoterapii Szpitala Uniwersyteckiego w Krakowie.Moja praktyka zawodowa obejmuje r\u00f3wnie\u017c prac\u0119 w Uniwersyteckim Szpitalu Dzieci\u0119cym w Prokocimiu, w Stowarzyszeniu Siemacha oraz w poradniach psychologicznych dla dzieci, m\u0142odzie\u017cy i os\u00f3b doros\u0142ych. Posiadam do\u015bwiadczenie w prowadzeniu zar\u00f3wno terapii grupowej, jak i indywidualnej, zdobyte m.in. podczas pracy na Dziennym Oddziale Psychiatrycznym SCANMED w Krakowie. Obecnie zajmuj\u0119 si\u0119 problematyk\u0105 psychosomatyczn\u0105 w Szpitalu \u015aw. Rafa\u0142a.W mojej pracy k\u0142ad\u0119 nacisk na budowanie silnej relacji terapeutycznej z pacjentem, zapewniaj\u0105c przyjazn\u0105 atmosfer\u0119 i profesjonalne podej\u015bcie do rozwi\u0105zywania problem\u00f3w. Jestem zaanga\u017cowana w ci\u0105g\u0142e doskonalenie swoich umiej\u0119tno\u015bci oraz poszerzanie wiedzy, aby m\u00f3c skutecznie wspiera\u0107 osoby potrzebuj\u0105ce pomocy psychologicznej.\" \/>\n<meta property=\"og:url\" content=\"https:\/\/gabinetmysliwy.pl\/index.php\/odkryj-sile-umyslu\/o-mnie\/\" \/>\n<meta property=\"og:site_name\" content=\"Agnieszka My\u015bliwy\" \/>\n<meta property=\"article:publisher\" content=\"https:\/\/www.facebook.com\/profile.php?id=100064282172855\" \/>\n<meta property=\"article:modified_time\" content=\"2024-09-01T20:08:23+00:00\" \/>\n<meta property=\"og:image\" content=\"http:\/\/gabinetmysliwy.pl\/wp-content\/uploads\/2024\/09\/Agnieszka-M.-240901-1.jpg\" \/>\n<meta name=\"twitter:card\" content=\"summary_large_image\" \/>\n<meta name=\"twitter:label1\" content=\"Est. reading time\" \/>\n\t<meta name=\"twitter:data1\" content=\"2 minutes\" \/>\n<script type=\"application\/ld+json\" class=\"yoast-schema-graph\">{\"@context\":\"https:\\\/\\\/schema.org\",\"@graph\":[{\"@type\":\"WebPage\",\"@id\":\"https:\\\/\\\/gabinetmysliwy.pl\\\/index.php\\\/odkryj-sile-umyslu\\\/o-mnie\\\/\",\"url\":\"https:\\\/\\\/gabinetmysliwy.pl\\\/index.php\\\/odkryj-sile-umyslu\\\/o-mnie\\\/\",\"name\":\"O mnie - Agnieszka My\u015bliwy\",\"isPartOf\":{\"@id\":\"https:\\\/\\\/gabinetmysliwy.pl\\\/#website\"},\"primaryImageOfPage\":{\"@id\":\"https:\\\/\\\/gabinetmysliwy.pl\\\/index.php\\\/odkryj-sile-umyslu\\\/o-mnie\\\/#primaryimage\"},\"image\":{\"@id\":\"https:\\\/\\\/gabinetmysliwy.pl\\\/index.php\\\/odkryj-sile-umyslu\\\/o-mnie\\\/#primaryimage\"},\"thumbnailUrl\":\"http:\\\/\\\/gabinetmysliwy.pl\\\/wp-content\\\/uploads\\\/2024\\\/09\\\/Agnieszka-M.-240901-1.jpg\",\"datePublished\":\"2024-05-14T22:32:21+00:00\",\"dateModified\":\"2024-09-01T20:08:23+00:00\",\"description\":\"Jestem absolwentk\u0105 psychologii stosowanej na Uniwersytecie Jagiello\u0144skim w Krakowie. Uko\u0144czy\u0142am czteroletni podyplomowy kurs Psychoterapii Psychodynamicznej organizowany przez Oddzia\u0142 Leczenia Nerwic i Zaburze\u0144 Osobowo\u015bci Collegium Medicum UJ. Jest to kurs atestowany przez Sekcj\u0119 Naukow\u0105 Psychoterapii i Sekcj\u0119 Naukow\u0105 Terapii Rodzin Polskiego Towarzystwa Psychiatrycznego, kt\u00f3ry prowadzi do uzyskania Certyfikatu Psychoterapeuty. Obecnie pracuj\u0119 pod superwizj\u0105 do\u015bwiadczonego psychoterapeuty, co pozwala mi na ci\u0105g\u0142y rozw\u00f3j i doskonalenie umiej\u0119tno\u015bci terapeutycznych.Dodatkowo, uko\u0144czy\u0142am specjalizacj\u0119 z psychologii sportu pod kierunkiem prof. Jana Blecharza, realizowan\u0105 na Akademii Wychowania Fizycznego w Krakowie. Posiadam bogate do\u015bwiadczenie w pracy z dzie\u0107mi, m\u0142odzie\u017c\u0105 oraz osobami doros\u0142ymi, zdobyte podczas licznych sta\u017cy, m.in. na Oddziale Leczenia Nerwic i Zaburze\u0144 Osobowo\u015bci Collegium Medicum UJ oraz w Zak\u0142adzie Psychoterapii Szpitala Uniwersyteckiego w Krakowie.Moja praktyka zawodowa obejmuje r\u00f3wnie\u017c prac\u0119 w Uniwersyteckim Szpitalu Dzieci\u0119cym w Prokocimiu, w Stowarzyszeniu Siemacha oraz w poradniach psychologicznych dla dzieci, m\u0142odzie\u017cy i os\u00f3b doros\u0142ych. Posiadam do\u015bwiadczenie w prowadzeniu zar\u00f3wno terapii grupowej, jak i indywidualnej, zdobyte m.in. podczas pracy na Dziennym Oddziale Psychiatrycznym SCANMED w Krakowie. Obecnie zajmuj\u0119 si\u0119 problematyk\u0105 psychosomatyczn\u0105 w Szpitalu \u015aw. Rafa\u0142a.W mojej pracy k\u0142ad\u0119 nacisk na budowanie silnej relacji terapeutycznej z pacjentem, zapewniaj\u0105c przyjazn\u0105 atmosfer\u0119 i profesjonalne podej\u015bcie do rozwi\u0105zywania problem\u00f3w. Jestem zaanga\u017cowana w ci\u0105g\u0142e doskonalenie swoich umiej\u0119tno\u015bci oraz poszerzanie wiedzy, aby m\u00f3c skutecznie wspiera\u0107 osoby potrzebuj\u0105ce pomocy psychologicznej.\",\"breadcrumb\":{\"@id\":\"https:\\\/\\\/gabinetmysliwy.pl\\\/index.php\\\/odkryj-sile-umyslu\\\/o-mnie\\\/#breadcrumb\"},\"inLanguage\":\"en-US\",\"potentialAction\":[{\"@type\":\"ReadAction\",\"target\":[\"https:\\\/\\\/gabinetmysliwy.pl\\\/index.php\\\/odkryj-sile-umyslu\\\/o-mnie\\\/\"]}]},{\"@type\":\"ImageObject\",\"inLanguage\":\"en-US\",\"@id\":\"https:\\\/\\\/gabinetmysliwy.pl\\\/index.php\\\/odkryj-sile-umyslu\\\/o-mnie\\\/#primaryimage\",\"url\":\"https:\\\/\\\/gabinetmysliwy.pl\\\/wp-content\\\/uploads\\\/2024\\\/09\\\/Agnieszka-M.-240901-1.jpg\",\"contentUrl\":\"https:\\\/\\\/gabinetmysliwy.pl\\\/wp-content\\\/uploads\\\/2024\\\/09\\\/Agnieszka-M.-240901-1.jpg\",\"width\":687,\"height\":854},{\"@type\":\"BreadcrumbList\",\"@id\":\"https:\\\/\\\/gabinetmysliwy.pl\\\/index.php\\\/odkryj-sile-umyslu\\\/o-mnie\\\/#breadcrumb\",\"itemListElement\":[{\"@type\":\"ListItem\",\"position\":1,\"name\":\"Strona g\u0142\u00f3wna\",\"item\":\"https:\\\/\\\/gabinetmysliwy.pl\\\/\"},{\"@type\":\"ListItem\",\"position\":2,\"name\":\"Odkryj Si\u0142\u0119 Umys\u0142u\",\"item\":\"https:\\\/\\\/gabinetmysliwy.pl\\\/\"},{\"@type\":\"ListItem\",\"position\":3,\"name\":\"O mnie\"}]},{\"@type\":\"WebSite\",\"@id\":\"https:\\\/\\\/gabinetmysliwy.pl\\\/#website\",\"url\":\"https:\\\/\\\/gabinetmysliwy.pl\\\/\",\"name\":\"Agnieszka My\u015bliwy\",\"description\":\"Gabinet psychologiczno psychoterapeutyczny\",\"potentialAction\":[{\"@type\":\"SearchAction\",\"target\":{\"@type\":\"EntryPoint\",\"urlTemplate\":\"https:\\\/\\\/gabinetmysliwy.pl\\\/?s={search_term_string}\"},\"query-input\":{\"@type\":\"PropertyValueSpecification\",\"valueRequired\":true,\"valueName\":\"search_term_string\"}}],\"inLanguage\":\"en-US\"}]}<\/script>\n<!-- \/ Yoast SEO plugin. -->","yoast_head_json":{"title":"O mnie - Agnieszka My\u015bliwy","description":"Jestem absolwentk\u0105 psychologii stosowanej na Uniwersytecie Jagiello\u0144skim w Krakowie. Uko\u0144czy\u0142am czteroletni podyplomowy kurs Psychoterapii Psychodynamicznej organizowany przez Oddzia\u0142 Leczenia Nerwic i Zaburze\u0144 Osobowo\u015bci Collegium Medicum UJ. Jest to kurs atestowany przez Sekcj\u0119 Naukow\u0105 Psychoterapii i Sekcj\u0119 Naukow\u0105 Terapii Rodzin Polskiego Towarzystwa Psychiatrycznego, kt\u00f3ry prowadzi do uzyskania Certyfikatu Psychoterapeuty. Obecnie pracuj\u0119 pod superwizj\u0105 do\u015bwiadczonego psychoterapeuty, co pozwala mi na ci\u0105g\u0142y rozw\u00f3j i doskonalenie umiej\u0119tno\u015bci terapeutycznych.Dodatkowo, uko\u0144czy\u0142am specjalizacj\u0119 z psychologii sportu pod kierunkiem prof. Jana Blecharza, realizowan\u0105 na Akademii Wychowania Fizycznego w Krakowie. Posiadam bogate do\u015bwiadczenie w pracy z dzie\u0107mi, m\u0142odzie\u017c\u0105 oraz osobami doros\u0142ymi, zdobyte podczas licznych sta\u017cy, m.in. na Oddziale Leczenia Nerwic i Zaburze\u0144 Osobowo\u015bci Collegium Medicum UJ oraz w Zak\u0142adzie Psychoterapii Szpitala Uniwersyteckiego w Krakowie.Moja praktyka zawodowa obejmuje r\u00f3wnie\u017c prac\u0119 w Uniwersyteckim Szpitalu Dzieci\u0119cym w Prokocimiu, w Stowarzyszeniu Siemacha oraz w poradniach psychologicznych dla dzieci, m\u0142odzie\u017cy i os\u00f3b doros\u0142ych. Posiadam do\u015bwiadczenie w prowadzeniu zar\u00f3wno terapii grupowej, jak i indywidualnej, zdobyte m.in. podczas pracy na Dziennym Oddziale Psychiatrycznym SCANMED w Krakowie. Obecnie zajmuj\u0119 si\u0119 problematyk\u0105 psychosomatyczn\u0105 w Szpitalu \u015aw. Rafa\u0142a.W mojej pracy k\u0142ad\u0119 nacisk na budowanie silnej relacji terapeutycznej z pacjentem, zapewniaj\u0105c przyjazn\u0105 atmosfer\u0119 i profesjonalne podej\u015bcie do rozwi\u0105zywania problem\u00f3w. Jestem zaanga\u017cowana w ci\u0105g\u0142e doskonalenie swoich umiej\u0119tno\u015bci oraz poszerzanie wiedzy, aby m\u00f3c skutecznie wspiera\u0107 osoby potrzebuj\u0105ce pomocy psychologicznej.","robots":{"index":"index","follow":"follow","max-snippet":"max-snippet:-1","max-image-preview":"max-image-preview:large","max-video-preview":"max-video-preview:-1"},"canonical":"https:\/\/gabinetmysliwy.pl\/index.php\/odkryj-sile-umyslu\/o-mnie\/","og_locale":"en_US","og_type":"article","og_title":"O mnie - Agnieszka My\u015bliwy","og_description":"Jestem absolwentk\u0105 psychologii stosowanej na Uniwersytecie Jagiello\u0144skim w Krakowie. Uko\u0144czy\u0142am czteroletni podyplomowy kurs Psychoterapii Psychodynamicznej organizowany przez Oddzia\u0142 Leczenia Nerwic i Zaburze\u0144 Osobowo\u015bci Collegium Medicum UJ. Jest to kurs atestowany przez Sekcj\u0119 Naukow\u0105 Psychoterapii i Sekcj\u0119 Naukow\u0105 Terapii Rodzin Polskiego Towarzystwa Psychiatrycznego, kt\u00f3ry prowadzi do uzyskania Certyfikatu Psychoterapeuty. Obecnie pracuj\u0119 pod superwizj\u0105 do\u015bwiadczonego psychoterapeuty, co pozwala mi na ci\u0105g\u0142y rozw\u00f3j i doskonalenie umiej\u0119tno\u015bci terapeutycznych.Dodatkowo, uko\u0144czy\u0142am specjalizacj\u0119 z psychologii sportu pod kierunkiem prof. Jana Blecharza, realizowan\u0105 na Akademii Wychowania Fizycznego w Krakowie. Posiadam bogate do\u015bwiadczenie w pracy z dzie\u0107mi, m\u0142odzie\u017c\u0105 oraz osobami doros\u0142ymi, zdobyte podczas licznych sta\u017cy, m.in. na Oddziale Leczenia Nerwic i Zaburze\u0144 Osobowo\u015bci Collegium Medicum UJ oraz w Zak\u0142adzie Psychoterapii Szpitala Uniwersyteckiego w Krakowie.Moja praktyka zawodowa obejmuje r\u00f3wnie\u017c prac\u0119 w Uniwersyteckim Szpitalu Dzieci\u0119cym w Prokocimiu, w Stowarzyszeniu Siemacha oraz w poradniach psychologicznych dla dzieci, m\u0142odzie\u017cy i os\u00f3b doros\u0142ych. Posiadam do\u015bwiadczenie w prowadzeniu zar\u00f3wno terapii grupowej, jak i indywidualnej, zdobyte m.in. podczas pracy na Dziennym Oddziale Psychiatrycznym SCANMED w Krakowie. Obecnie zajmuj\u0119 si\u0119 problematyk\u0105 psychosomatyczn\u0105 w Szpitalu \u015aw. Rafa\u0142a.W mojej pracy k\u0142ad\u0119 nacisk na budowanie silnej relacji terapeutycznej z pacjentem, zapewniaj\u0105c przyjazn\u0105 atmosfer\u0119 i profesjonalne podej\u015bcie do rozwi\u0105zywania problem\u00f3w. Jestem zaanga\u017cowana w ci\u0105g\u0142e doskonalenie swoich umiej\u0119tno\u015bci oraz poszerzanie wiedzy, aby m\u00f3c skutecznie wspiera\u0107 osoby potrzebuj\u0105ce pomocy psychologicznej.","og_url":"https:\/\/gabinetmysliwy.pl\/index.php\/odkryj-sile-umyslu\/o-mnie\/","og_site_name":"Agnieszka My\u015bliwy","article_publisher":"https:\/\/www.facebook.com\/profile.php?id=100064282172855","article_modified_time":"2024-09-01T20:08:23+00:00","og_image":[{"url":"http:\/\/gabinetmysliwy.pl\/wp-content\/uploads\/2024\/09\/Agnieszka-M.-240901-1.jpg","type":"","width":"","height":""}],"twitter_card":"summary_large_image","twitter_misc":{"Est. reading time":"2 minutes"},"schema":{"@context":"https:\/\/schema.org","@graph":[{"@type":"WebPage","@id":"https:\/\/gabinetmysliwy.pl\/index.php\/odkryj-sile-umyslu\/o-mnie\/","url":"https:\/\/gabinetmysliwy.pl\/index.php\/odkryj-sile-umyslu\/o-mnie\/","name":"O mnie - Agnieszka My\u015bliwy","isPartOf":{"@id":"https:\/\/gabinetmysliwy.pl\/#website"},"primaryImageOfPage":{"@id":"https:\/\/gabinetmysliwy.pl\/index.php\/odkryj-sile-umyslu\/o-mnie\/#primaryimage"},"image":{"@id":"https:\/\/gabinetmysliwy.pl\/index.php\/odkryj-sile-umyslu\/o-mnie\/#primaryimage"},"thumbnailUrl":"http:\/\/gabinetmysliwy.pl\/wp-content\/uploads\/2024\/09\/Agnieszka-M.-240901-1.jpg","datePublished":"2024-05-14T22:32:21+00:00","dateModified":"2024-09-01T20:08:23+00:00","description":"Jestem absolwentk\u0105 psychologii stosowanej na Uniwersytecie Jagiello\u0144skim w Krakowie. Uko\u0144czy\u0142am czteroletni podyplomowy kurs Psychoterapii Psychodynamicznej organizowany przez Oddzia\u0142 Leczenia Nerwic i Zaburze\u0144 Osobowo\u015bci Collegium Medicum UJ. Jest to kurs atestowany przez Sekcj\u0119 Naukow\u0105 Psychoterapii i Sekcj\u0119 Naukow\u0105 Terapii Rodzin Polskiego Towarzystwa Psychiatrycznego, kt\u00f3ry prowadzi do uzyskania Certyfikatu Psychoterapeuty. Obecnie pracuj\u0119 pod superwizj\u0105 do\u015bwiadczonego psychoterapeuty, co pozwala mi na ci\u0105g\u0142y rozw\u00f3j i doskonalenie umiej\u0119tno\u015bci terapeutycznych.Dodatkowo, uko\u0144czy\u0142am specjalizacj\u0119 z psychologii sportu pod kierunkiem prof. Jana Blecharza, realizowan\u0105 na Akademii Wychowania Fizycznego w Krakowie. Posiadam bogate do\u015bwiadczenie w pracy z dzie\u0107mi, m\u0142odzie\u017c\u0105 oraz osobami doros\u0142ymi, zdobyte podczas licznych sta\u017cy, m.in. na Oddziale Leczenia Nerwic i Zaburze\u0144 Osobowo\u015bci Collegium Medicum UJ oraz w Zak\u0142adzie Psychoterapii Szpitala Uniwersyteckiego w Krakowie.Moja praktyka zawodowa obejmuje r\u00f3wnie\u017c prac\u0119 w Uniwersyteckim Szpitalu Dzieci\u0119cym w Prokocimiu, w Stowarzyszeniu Siemacha oraz w poradniach psychologicznych dla dzieci, m\u0142odzie\u017cy i os\u00f3b doros\u0142ych. Posiadam do\u015bwiadczenie w prowadzeniu zar\u00f3wno terapii grupowej, jak i indywidualnej, zdobyte m.in. podczas pracy na Dziennym Oddziale Psychiatrycznym SCANMED w Krakowie. Obecnie zajmuj\u0119 si\u0119 problematyk\u0105 psychosomatyczn\u0105 w Szpitalu \u015aw. Rafa\u0142a.W mojej pracy k\u0142ad\u0119 nacisk na budowanie silnej relacji terapeutycznej z pacjentem, zapewniaj\u0105c przyjazn\u0105 atmosfer\u0119 i profesjonalne podej\u015bcie do rozwi\u0105zywania problem\u00f3w. Jestem zaanga\u017cowana w ci\u0105g\u0142e doskonalenie swoich umiej\u0119tno\u015bci oraz poszerzanie wiedzy, aby m\u00f3c skutecznie wspiera\u0107 osoby potrzebuj\u0105ce pomocy psychologicznej.","breadcrumb":{"@id":"https:\/\/gabinetmysliwy.pl\/index.php\/odkryj-sile-umyslu\/o-mnie\/#breadcrumb"},"inLanguage":"en-US","potentialAction":[{"@type":"ReadAction","target":["https:\/\/gabinetmysliwy.pl\/index.php\/odkryj-sile-umyslu\/o-mnie\/"]}]},{"@type":"ImageObject","inLanguage":"en-US","@id":"https:\/\/gabinetmysliwy.pl\/index.php\/odkryj-sile-umyslu\/o-mnie\/#primaryimage","url":"https:\/\/gabinetmysliwy.pl\/wp-content\/uploads\/2024\/09\/Agnieszka-M.-240901-1.jpg","contentUrl":"https:\/\/gabinetmysliwy.pl\/wp-content\/uploads\/2024\/09\/Agnieszka-M.-240901-1.jpg","width":687,"height":854},{"@type":"BreadcrumbList","@id":"https:\/\/gabinetmysliwy.pl\/index.php\/odkryj-sile-umyslu\/o-mnie\/#breadcrumb","itemListElement":[{"@type":"ListItem","position":1,"name":"Strona g\u0142\u00f3wna","item":"https:\/\/gabinetmysliwy.pl\/"},{"@type":"ListItem","position":2,"name":"Odkryj Si\u0142\u0119 Umys\u0142u","item":"https:\/\/gabinetmysliwy.pl\/"},{"@type":"ListItem","position":3,"name":"O mnie"}]},{"@type":"WebSite","@id":"https:\/\/gabinetmysliwy.pl\/#website","url":"https:\/\/gabinetmysliwy.pl\/","name":"Agnieszka My\u015bliwy","description":"Gabinet psychologiczno psychoterapeutyczny","potentialAction":[{"@type":"SearchAction","target":{"@type":"EntryPoint","urlTemplate":"https:\/\/gabinetmysliwy.pl\/?s={search_term_string}"},"query-input":{"@type":"PropertyValueSpecification","valueRequired":true,"valueName":"search_term_string"}}],"inLanguage":"en-US"}]}},"_links":{"self":[{"href":"https:\/\/gabinetmysliwy.pl\/index.php\/wp-json\/wp\/v2\/pages\/70","targetHints":{"allow":["GET"]}}],"collection":[{"href":"https:\/\/gabinetmysliwy.pl\/index.php\/wp-json\/wp\/v2\/pages"}],"about":[{"href":"https:\/\/gabinetmysliwy.pl\/index.php\/wp-json\/wp\/v2\/types\/page"}],"author":[{"embeddable":true,"href":"https:\/\/gabinetmysliwy.pl\/index.php\/wp-json\/wp\/v2\/users\/1"}],"replies":[{"embeddable":true,"href":"https:\/\/gabinetmysliwy.pl\/index.php\/wp-json\/wp\/v2\/comments?post=70"}],"version-history":[{"count":10,"href":"https:\/\/gabinetmysliwy.pl\/index.php\/wp-json\/wp\/v2\/pages\/70\/revisions"}],"predecessor-version":[{"id":101,"href":"https:\/\/gabinetmysliwy.pl\/index.php\/wp-json\/wp\/v2\/pages\/70\/revisions\/101"}],"up":[{"embeddable":true,"href":"https:\/\/gabinetmysliwy.pl\/index.php\/wp-json\/wp\/v2\/pages\/2"}],"wp:attachment":[{"href":"https:\/\/gabinetmysliwy.pl\/index.php\/wp-json\/wp\/v2\/media?parent=70"}],"curies":[{"name":"wp","href":"https:\/\/api.w.org\/{rel}","templated":true}]}}