{"id":34,"date":"2024-05-08T06:24:13","date_gmt":"2024-05-08T06:24:13","guid":{"rendered":"https:\/\/gabinetmysliwy.pl\/?page_id=34"},"modified":"2025-01-17T16:12:18","modified_gmt":"2025-01-17T16:12:18","slug":"moj-gabinet","status":"publish","type":"page","link":"https:\/\/gabinetmysliwy.pl\/index.php\/odkryj-sile-umyslu\/moj-gabinet\/","title":{"rendered":"M\u00f3j gabinet"},"content":{"rendered":"\t\t<div data-elementor-type=\"wp-page\" data-elementor-id=\"34\" class=\"elementor elementor-34\">\n\t\t\t\t<div class=\"elementor-element elementor-element-6237a95 e-flex e-con-boxed e-con e-parent\" data-id=\"6237a95\" data-element_type=\"container\" data-e-type=\"container\">\n\t\t\t\t\t<div class=\"e-con-inner\">\n\t\t\t\t<div class=\"elementor-element elementor-element-dbe2af6 elementor-widget elementor-widget-text-editor\" data-id=\"dbe2af6\" data-element_type=\"widget\" data-e-type=\"widget\" data-widget_type=\"text-editor.default\">\n\t\t\t\t<div class=\"elementor-widget-container\">\n\t\t\t\t\t\t\t\t\t<p>M\u00f3j gabinet to miejsce stworzone z my\u015bl\u0105 o bezpiecznej, wspieraj\u0105cej atmosferze, gdzie mo\u017cesz otwarcie rozmawia\u0107 o swoich emocjach, my\u015blach i do\u015bwiadczeniach. Gabinet znajduje si\u0119 w cichym, kameralnym miejscu, zapewniaj\u0105cym cisz\u0119 i prywatno\u015b\u0107. Wystr\u00f3j zapewnia atmosfer\u0119 spokoju i komfortu. W gabinecie znajduj\u0105 si\u0119 wygodne fotele i kanapa, gdzie mo\u017cesz\u00a0 si\u0119 zrelaksowa\u0107 podczas sesji terapeutycznej. Dodatkowo, gabinet jest wyposa\u017cony w narz\u0119dzia terapeutyczne wspomagaj\u0105ce wsp\u00f3ln\u0105 prac\u0119. Wszystko to ma na celu stworzenie miejsca sprzyjaj\u0105cego otwartej i wspieraj\u0105cej rozmowie, kt\u00f3ra jest kluczowa w procesie terapeutycznym.<\/p>\t\t\t\t\t\t\t\t<\/div>\n\t\t\t\t<\/div>\n\t\t\t\t\t<\/div>\n\t\t\t\t<\/div>\n\t\t<div class=\"elementor-element elementor-element-f3cc473 e-flex e-con-boxed e-con e-parent\" data-id=\"f3cc473\" data-element_type=\"container\" data-e-type=\"container\">\n\t\t\t\t\t<div class=\"e-con-inner\">\n\t\t\t\t<div class=\"elementor-element elementor-element-9eff85b elementor-widget elementor-widget-image\" data-id=\"9eff85b\" data-element_type=\"widget\" data-e-type=\"widget\" data-widget_type=\"image.default\">\n\t\t\t\t<div class=\"elementor-widget-container\">\n\t\t\t\t\t\t\t\t\t\t\t\t\t\t\t<img fetchpriority=\"high\" decoding=\"async\" width=\"1024\" height=\"576\" src=\"https:\/\/gabinetmysliwy.pl\/wp-content\/uploads\/2025\/01\/Gabinet-1024x576.jpg\" class=\"attachment-large size-large wp-image-262\" alt=\"\" srcset=\"https:\/\/gabinetmysliwy.pl\/wp-content\/uploads\/2025\/01\/Gabinet-1024x576.jpg 1024w, https:\/\/gabinetmysliwy.pl\/wp-content\/uploads\/2025\/01\/Gabinet-300x169.jpg 300w, https:\/\/gabinetmysliwy.pl\/wp-content\/uploads\/2025\/01\/Gabinet-768x432.jpg 768w, https:\/\/gabinetmysliwy.pl\/wp-content\/uploads\/2025\/01\/Gabinet-1536x864.jpg 1536w, https:\/\/gabinetmysliwy.pl\/wp-content\/uploads\/2025\/01\/Gabinet.jpg 2048w\" sizes=\"(max-width: 1024px) 100vw, 1024px\" \/>\t\t\t\t\t\t\t\t\t\t\t\t\t\t\t<\/div>\n\t\t\t\t<\/div>\n\t\t\t\t\t<\/div>\n\t\t\t\t<\/div>\n\t\t\t\t<\/div>\n\t\t","protected":false},"excerpt":{"rendered":"<p>M\u00f3j gabinet to miejsce stworzone z my\u015bl\u0105 o bezpiecznej, wspieraj\u0105cej atmosferze, gdzie mo\u017cesz otwarcie rozmawia\u0107 o swoich emocjach, my\u015blach i do\u015bwiadczeniach. Gabinet znajduje si\u0119 w cichym, kameralnym miejscu, zapewniaj\u0105cym cisz\u0119 i prywatno\u015b\u0107. Wystr\u00f3j zapewnia atmosfer\u0119 spokoju i komfortu. W gabinecie znajduj\u0105 si\u0119 wygodne fotele i kanapa, gdzie mo\u017cesz\u00a0 si\u0119 zrelaksowa\u0107 podczas sesji terapeutycznej. Dodatkowo, gabinet <a class=\"read-more\" href=\"https:\/\/gabinetmysliwy.pl\/index.php\/odkryj-sile-umyslu\/moj-gabinet\/\">READ MORE<\/a><\/p>\n","protected":false},"author":1,"featured_media":0,"parent":2,"menu_order":1,"comment_status":"closed","ping_status":"closed","template":"","meta":{"footnotes":""},"class_list":["post-34","page","type-page","status-publish","hentry"],"yoast_head":"<!-- This site is optimized with the Yoast SEO plugin v27.5 - https:\/\/yoast.com\/product\/yoast-seo-wordpress\/ -->\n<title>M\u00f3j gabinet - Agnieszka My\u015bliwy<\/title>\n<meta name=\"robots\" content=\"index, follow, max-snippet:-1, max-image-preview:large, max-video-preview:-1\" \/>\n<link rel=\"canonical\" href=\"https:\/\/gabinetmysliwy.pl\/index.php\/odkryj-sile-umyslu\/moj-gabinet\/\" \/>\n<meta property=\"og:locale\" content=\"en_US\" \/>\n<meta property=\"og:type\" content=\"article\" \/>\n<meta property=\"og:title\" content=\"M\u00f3j gabinet - Agnieszka My\u015bliwy\" \/>\n<meta property=\"og:description\" content=\"M\u00f3j gabinet to miejsce stworzone z my\u015bl\u0105 o bezpiecznej, wspieraj\u0105cej atmosferze, gdzie mo\u017cesz otwarcie rozmawia\u0107 o swoich emocjach, my\u015blach i do\u015bwiadczeniach. Gabinet znajduje si\u0119 w cichym, kameralnym miejscu, zapewniaj\u0105cym cisz\u0119 i prywatno\u015b\u0107. Wystr\u00f3j zapewnia atmosfer\u0119 spokoju i komfortu. W gabinecie znajduj\u0105 si\u0119 wygodne fotele i kanapa, gdzie mo\u017cesz\u00a0 si\u0119 zrelaksowa\u0107 podczas sesji terapeutycznej. Dodatkowo, gabinet READ MORE\" \/>\n<meta property=\"og:url\" content=\"https:\/\/gabinetmysliwy.pl\/index.php\/odkryj-sile-umyslu\/moj-gabinet\/\" \/>\n<meta property=\"og:site_name\" content=\"Agnieszka My\u015bliwy\" \/>\n<meta property=\"article:publisher\" content=\"https:\/\/www.facebook.com\/profile.php?id=100064282172855\" \/>\n<meta property=\"article:modified_time\" content=\"2025-01-17T16:12:18+00:00\" \/>\n<meta property=\"og:image\" content=\"http:\/\/gabinetmysliwy.pl\/wp-content\/uploads\/2025\/01\/Gabinet-1024x576.jpg\" \/>\n<meta name=\"twitter:card\" content=\"summary_large_image\" \/>\n<meta name=\"twitter:label1\" content=\"Est. reading time\" \/>\n\t<meta name=\"twitter:data1\" content=\"1 minute\" \/>\n<script type=\"application\/ld+json\" class=\"yoast-schema-graph\">{\"@context\":\"https:\\\/\\\/schema.org\",\"@graph\":[{\"@type\":\"WebPage\",\"@id\":\"https:\\\/\\\/gabinetmysliwy.pl\\\/index.php\\\/odkryj-sile-umyslu\\\/moj-gabinet\\\/\",\"url\":\"https:\\\/\\\/gabinetmysliwy.pl\\\/index.php\\\/odkryj-sile-umyslu\\\/moj-gabinet\\\/\",\"name\":\"M\u00f3j gabinet - Agnieszka My\u015bliwy\",\"isPartOf\":{\"@id\":\"https:\\\/\\\/gabinetmysliwy.pl\\\/#website\"},\"primaryImageOfPage\":{\"@id\":\"https:\\\/\\\/gabinetmysliwy.pl\\\/index.php\\\/odkryj-sile-umyslu\\\/moj-gabinet\\\/#primaryimage\"},\"image\":{\"@id\":\"https:\\\/\\\/gabinetmysliwy.pl\\\/index.php\\\/odkryj-sile-umyslu\\\/moj-gabinet\\\/#primaryimage\"},\"thumbnailUrl\":\"http:\\\/\\\/gabinetmysliwy.pl\\\/wp-content\\\/uploads\\\/2025\\\/01\\\/Gabinet-1024x576.jpg\",\"datePublished\":\"2024-05-08T06:24:13+00:00\",\"dateModified\":\"2025-01-17T16:12:18+00:00\",\"breadcrumb\":{\"@id\":\"https:\\\/\\\/gabinetmysliwy.pl\\\/index.php\\\/odkryj-sile-umyslu\\\/moj-gabinet\\\/#breadcrumb\"},\"inLanguage\":\"en-US\",\"potentialAction\":[{\"@type\":\"ReadAction\",\"target\":[\"https:\\\/\\\/gabinetmysliwy.pl\\\/index.php\\\/odkryj-sile-umyslu\\\/moj-gabinet\\\/\"]}]},{\"@type\":\"ImageObject\",\"inLanguage\":\"en-US\",\"@id\":\"https:\\\/\\\/gabinetmysliwy.pl\\\/index.php\\\/odkryj-sile-umyslu\\\/moj-gabinet\\\/#primaryimage\",\"url\":\"https:\\\/\\\/gabinetmysliwy.pl\\\/wp-content\\\/uploads\\\/2025\\\/01\\\/Gabinet.jpg\",\"contentUrl\":\"https:\\\/\\\/gabinetmysliwy.pl\\\/wp-content\\\/uploads\\\/2025\\\/01\\\/Gabinet.jpg\",\"width\":2048,\"height\":1152},{\"@type\":\"BreadcrumbList\",\"@id\":\"https:\\\/\\\/gabinetmysliwy.pl\\\/index.php\\\/odkryj-sile-umyslu\\\/moj-gabinet\\\/#breadcrumb\",\"itemListElement\":[{\"@type\":\"ListItem\",\"position\":1,\"name\":\"Strona g\u0142\u00f3wna\",\"item\":\"https:\\\/\\\/gabinetmysliwy.pl\\\/\"},{\"@type\":\"ListItem\",\"position\":2,\"name\":\"Odkryj Si\u0142\u0119 Umys\u0142u\",\"item\":\"https:\\\/\\\/gabinetmysliwy.pl\\\/\"},{\"@type\":\"ListItem\",\"position\":3,\"name\":\"M\u00f3j gabinet\"}]},{\"@type\":\"WebSite\",\"@id\":\"https:\\\/\\\/gabinetmysliwy.pl\\\/#website\",\"url\":\"https:\\\/\\\/gabinetmysliwy.pl\\\/\",\"name\":\"Agnieszka My\u015bliwy\",\"description\":\"Gabinet psychologiczno psychoterapeutyczny\",\"potentialAction\":[{\"@type\":\"SearchAction\",\"target\":{\"@type\":\"EntryPoint\",\"urlTemplate\":\"https:\\\/\\\/gabinetmysliwy.pl\\\/?s={search_term_string}\"},\"query-input\":{\"@type\":\"PropertyValueSpecification\",\"valueRequired\":true,\"valueName\":\"search_term_string\"}}],\"inLanguage\":\"en-US\"}]}<\/script>\n<!-- \/ Yoast SEO plugin. -->","yoast_head_json":{"title":"M\u00f3j gabinet - Agnieszka My\u015bliwy","robots":{"index":"index","follow":"follow","max-snippet":"max-snippet:-1","max-image-preview":"max-image-preview:large","max-video-preview":"max-video-preview:-1"},"canonical":"https:\/\/gabinetmysliwy.pl\/index.php\/odkryj-sile-umyslu\/moj-gabinet\/","og_locale":"en_US","og_type":"article","og_title":"M\u00f3j gabinet - Agnieszka My\u015bliwy","og_description":"M\u00f3j gabinet to miejsce stworzone z my\u015bl\u0105 o bezpiecznej, wspieraj\u0105cej atmosferze, gdzie mo\u017cesz otwarcie rozmawia\u0107 o swoich emocjach, my\u015blach i do\u015bwiadczeniach. Gabinet znajduje si\u0119 w cichym, kameralnym miejscu, zapewniaj\u0105cym cisz\u0119 i prywatno\u015b\u0107. Wystr\u00f3j zapewnia atmosfer\u0119 spokoju i komfortu. W gabinecie znajduj\u0105 si\u0119 wygodne fotele i kanapa, gdzie mo\u017cesz\u00a0 si\u0119 zrelaksowa\u0107 podczas sesji terapeutycznej. Dodatkowo, gabinet READ MORE","og_url":"https:\/\/gabinetmysliwy.pl\/index.php\/odkryj-sile-umyslu\/moj-gabinet\/","og_site_name":"Agnieszka My\u015bliwy","article_publisher":"https:\/\/www.facebook.com\/profile.php?id=100064282172855","article_modified_time":"2025-01-17T16:12:18+00:00","og_image":[{"url":"http:\/\/gabinetmysliwy.pl\/wp-content\/uploads\/2025\/01\/Gabinet-1024x576.jpg","type":"","width":"","height":""}],"twitter_card":"summary_large_image","twitter_misc":{"Est. reading time":"1 minute"},"schema":{"@context":"https:\/\/schema.org","@graph":[{"@type":"WebPage","@id":"https:\/\/gabinetmysliwy.pl\/index.php\/odkryj-sile-umyslu\/moj-gabinet\/","url":"https:\/\/gabinetmysliwy.pl\/index.php\/odkryj-sile-umyslu\/moj-gabinet\/","name":"M\u00f3j gabinet - Agnieszka My\u015bliwy","isPartOf":{"@id":"https:\/\/gabinetmysliwy.pl\/#website"},"primaryImageOfPage":{"@id":"https:\/\/gabinetmysliwy.pl\/index.php\/odkryj-sile-umyslu\/moj-gabinet\/#primaryimage"},"image":{"@id":"https:\/\/gabinetmysliwy.pl\/index.php\/odkryj-sile-umyslu\/moj-gabinet\/#primaryimage"},"thumbnailUrl":"http:\/\/gabinetmysliwy.pl\/wp-content\/uploads\/2025\/01\/Gabinet-1024x576.jpg","datePublished":"2024-05-08T06:24:13+00:00","dateModified":"2025-01-17T16:12:18+00:00","breadcrumb":{"@id":"https:\/\/gabinetmysliwy.pl\/index.php\/odkryj-sile-umyslu\/moj-gabinet\/#breadcrumb"},"inLanguage":"en-US","potentialAction":[{"@type":"ReadAction","target":["https:\/\/gabinetmysliwy.pl\/index.php\/odkryj-sile-umyslu\/moj-gabinet\/"]}]},{"@type":"ImageObject","inLanguage":"en-US","@id":"https:\/\/gabinetmysliwy.pl\/index.php\/odkryj-sile-umyslu\/moj-gabinet\/#primaryimage","url":"https:\/\/gabinetmysliwy.pl\/wp-content\/uploads\/2025\/01\/Gabinet.jpg","contentUrl":"https:\/\/gabinetmysliwy.pl\/wp-content\/uploads\/2025\/01\/Gabinet.jpg","width":2048,"height":1152},{"@type":"BreadcrumbList","@id":"https:\/\/gabinetmysliwy.pl\/index.php\/odkryj-sile-umyslu\/moj-gabinet\/#breadcrumb","itemListElement":[{"@type":"ListItem","position":1,"name":"Strona g\u0142\u00f3wna","item":"https:\/\/gabinetmysliwy.pl\/"},{"@type":"ListItem","position":2,"name":"Odkryj Si\u0142\u0119 Umys\u0142u","item":"https:\/\/gabinetmysliwy.pl\/"},{"@type":"ListItem","position":3,"name":"M\u00f3j gabinet"}]},{"@type":"WebSite","@id":"https:\/\/gabinetmysliwy.pl\/#website","url":"https:\/\/gabinetmysliwy.pl\/","name":"Agnieszka My\u015bliwy","description":"Gabinet psychologiczno psychoterapeutyczny","potentialAction":[{"@type":"SearchAction","target":{"@type":"EntryPoint","urlTemplate":"https:\/\/gabinetmysliwy.pl\/?s={search_term_string}"},"query-input":{"@type":"PropertyValueSpecification","valueRequired":true,"valueName":"search_term_string"}}],"inLanguage":"en-US"}]}},"_links":{"self":[{"href":"https:\/\/gabinetmysliwy.pl\/index.php\/wp-json\/wp\/v2\/pages\/34","targetHints":{"allow":["GET"]}}],"collection":[{"href":"https:\/\/gabinetmysliwy.pl\/index.php\/wp-json\/wp\/v2\/pages"}],"about":[{"href":"https:\/\/gabinetmysliwy.pl\/index.php\/wp-json\/wp\/v2\/types\/page"}],"author":[{"embeddable":true,"href":"https:\/\/gabinetmysliwy.pl\/index.php\/wp-json\/wp\/v2\/users\/1"}],"replies":[{"embeddable":true,"href":"https:\/\/gabinetmysliwy.pl\/index.php\/wp-json\/wp\/v2\/comments?post=34"}],"version-history":[{"count":17,"href":"https:\/\/gabinetmysliwy.pl\/index.php\/wp-json\/wp\/v2\/pages\/34\/revisions"}],"predecessor-version":[{"id":265,"href":"https:\/\/gabinetmysliwy.pl\/index.php\/wp-json\/wp\/v2\/pages\/34\/revisions\/265"}],"up":[{"embeddable":true,"href":"https:\/\/gabinetmysliwy.pl\/index.php\/wp-json\/wp\/v2\/pages\/2"}],"wp:attachment":[{"href":"https:\/\/gabinetmysliwy.pl\/index.php\/wp-json\/wp\/v2\/media?parent=34"}],"curies":[{"name":"wp","href":"https:\/\/api.w.org\/{rel}","templated":true}]}}