{"id":2,"date":"2024-05-07T05:16:24","date_gmt":"2024-05-07T05:16:24","guid":{"rendered":"http:\/\/gabinetmysliwy.pl\/?page_id=2"},"modified":"2024-09-07T14:56:58","modified_gmt":"2024-09-07T14:56:58","slug":"odkryj-sile-umyslu","status":"publish","type":"page","link":"https:\/\/gabinetmysliwy.pl\/","title":{"rendered":"Odkryj Si\u0142\u0119 Umys\u0142u"},"content":{"rendered":"\t\t<div data-elementor-type=\"wp-page\" data-elementor-id=\"2\" class=\"elementor elementor-2\">\n\t\t\t\t<div class=\"elementor-element elementor-element-42f2b297 e-con-full e-flex e-con e-parent\" data-id=\"42f2b297\" data-element_type=\"container\" data-e-type=\"container\">\n\t\t\t\t<div class=\"elementor-element elementor-element-fb8bb93 elementor-widget elementor-widget-text-editor\" data-id=\"fb8bb93\" data-element_type=\"widget\" data-e-type=\"widget\" data-widget_type=\"text-editor.default\">\n\t\t\t\t<div class=\"elementor-widget-container\">\n\t\t\t\t\t\t\t\t\t\n<blockquote class=\"wp-block-quote is-layout-flow wp-block-quote-is-layout-flow\">\n<p>Nie ma wi\u0119kszej tragedii w \u017cyciu, ni\u017c gdy cz\u0142owiek przyjmuje obraz samego siebie, jaki kreuj\u0105 inni.<\/p>\n<cite>Carl Gustav Jung<\/cite><\/blockquote>\n\n<p>&#8230;daj sobie pom\u00f3c&#8230;<\/p>\n\n<p>M\u00f3j gabinet to miejsce stworzone z my\u015bl\u0105 o bezpiecznej, wspieraj\u0105cej atmosferze, gdzie pacjenci mog\u0105 otwarcie rozmawia\u0107 o swoich emocjach, my\u015blach i do\u015bwiadczeniach. Znajduje si\u0119 w cichym, kameralnym miejscu, zapewniaj\u0105cym prywatno\u015b\u0107. Stonowany wystr\u00f3j zapewnia atmosfer\u0119 spokoju i komfortu. Wygodne fotele i kanapy zapewni\u0105 komfort, relaks i wytchnienie podczas sesji terapeutycznej. M\u00f3j gabinet wyposa\u017cony jest r\u00f3wnie\u017c narz\u0119dzia terapeutyczne, pomocne przy terapiach r\u00f3\u017cnego typu. Wszystko to ma na celu stworzenie miejsca sprzyjaj\u0105cego otwartej i wspieraj\u0105cej rozmowie, kt\u00f3ra jest kluczowa w procesie terapeutycznym.<\/p>\n\t\t\t\t\t\t\t\t<\/div>\n\t\t\t\t<\/div>\n\t\t\t\t<\/div>\n\t\t\t\t<\/div>\n\t\t","protected":false},"excerpt":{"rendered":"<p>Nie ma wi\u0119kszej tragedii w \u017cyciu, ni\u017c gdy cz\u0142owiek przyjmuje obraz samego siebie, jaki kreuj\u0105 inni. Carl Gustav Jung &#8230;daj sobie pom\u00f3c&#8230; M\u00f3j gabinet to miejsce stworzone z my\u015bl\u0105 o bezpiecznej, wspieraj\u0105cej atmosferze, gdzie pacjenci mog\u0105 otwarcie rozmawia\u0107 o swoich emocjach, my\u015blach i do\u015bwiadczeniach. Znajduje si\u0119 w cichym, kameralnym miejscu, zapewniaj\u0105cym prywatno\u015b\u0107. Stonowany wystr\u00f3j zapewnia <a class=\"read-more\" href=\"https:\/\/gabinetmysliwy.pl\/\">READ MORE<\/a><\/p>\n","protected":false},"author":1,"featured_media":0,"parent":0,"menu_order":0,"comment_status":"closed","ping_status":"closed","template":"","meta":{"footnotes":""},"class_list":["post-2","page","type-page","status-publish","hentry"],"yoast_head":"<!-- This site is optimized with the Yoast SEO plugin v27.5 - https:\/\/yoast.com\/product\/yoast-seo-wordpress\/ -->\n<title>Odkryj Si\u0142\u0119 Umys\u0142u - Agnieszka My\u015bliwy<\/title>\n<meta name=\"robots\" content=\"index, follow, max-snippet:-1, max-image-preview:large, max-video-preview:-1\" \/>\n<link rel=\"canonical\" href=\"https:\/\/gabinetmysliwy.pl\/\" \/>\n<meta property=\"og:locale\" content=\"en_US\" \/>\n<meta property=\"og:type\" content=\"article\" \/>\n<meta property=\"og:title\" content=\"Odkryj Si\u0142\u0119 Umys\u0142u - Agnieszka My\u015bliwy\" \/>\n<meta property=\"og:description\" content=\"Nie ma wi\u0119kszej tragedii w \u017cyciu, ni\u017c gdy cz\u0142owiek przyjmuje obraz samego siebie, jaki kreuj\u0105 inni. Carl Gustav Jung &#8230;daj sobie pom\u00f3c&#8230; M\u00f3j gabinet to miejsce stworzone z my\u015bl\u0105 o bezpiecznej, wspieraj\u0105cej atmosferze, gdzie pacjenci mog\u0105 otwarcie rozmawia\u0107 o swoich emocjach, my\u015blach i do\u015bwiadczeniach. Znajduje si\u0119 w cichym, kameralnym miejscu, zapewniaj\u0105cym prywatno\u015b\u0107. Stonowany wystr\u00f3j zapewnia READ MORE\" \/>\n<meta property=\"og:url\" content=\"https:\/\/gabinetmysliwy.pl\/\" \/>\n<meta property=\"og:site_name\" content=\"Agnieszka My\u015bliwy\" \/>\n<meta property=\"article:publisher\" content=\"https:\/\/www.facebook.com\/profile.php?id=100064282172855\" \/>\n<meta property=\"article:modified_time\" content=\"2024-09-07T14:56:58+00:00\" \/>\n<meta name=\"twitter:card\" content=\"summary_large_image\" \/>\n<meta name=\"twitter:label1\" content=\"Est. reading time\" \/>\n\t<meta name=\"twitter:data1\" content=\"1 minute\" \/>\n<script type=\"application\/ld+json\" class=\"yoast-schema-graph\">{\"@context\":\"https:\\\/\\\/schema.org\",\"@graph\":[{\"@type\":\"WebPage\",\"@id\":\"https:\\\/\\\/gabinetmysliwy.pl\\\/\",\"url\":\"https:\\\/\\\/gabinetmysliwy.pl\\\/\",\"name\":\"Odkryj Si\u0142\u0119 Umys\u0142u - Agnieszka My\u015bliwy\",\"isPartOf\":{\"@id\":\"https:\\\/\\\/gabinetmysliwy.pl\\\/#website\"},\"datePublished\":\"2024-05-07T05:16:24+00:00\",\"dateModified\":\"2024-09-07T14:56:58+00:00\",\"breadcrumb\":{\"@id\":\"https:\\\/\\\/gabinetmysliwy.pl\\\/#breadcrumb\"},\"inLanguage\":\"en-US\",\"potentialAction\":[{\"@type\":\"ReadAction\",\"target\":[\"https:\\\/\\\/gabinetmysliwy.pl\\\/\"]}]},{\"@type\":\"BreadcrumbList\",\"@id\":\"https:\\\/\\\/gabinetmysliwy.pl\\\/#breadcrumb\",\"itemListElement\":[{\"@type\":\"ListItem\",\"position\":1,\"name\":\"Strona g\u0142\u00f3wna\",\"item\":\"https:\\\/\\\/gabinetmysliwy.pl\\\/\"},{\"@type\":\"ListItem\",\"position\":2,\"name\":\"Odkryj Si\u0142\u0119 Umys\u0142u\"}]},{\"@type\":\"WebSite\",\"@id\":\"https:\\\/\\\/gabinetmysliwy.pl\\\/#website\",\"url\":\"https:\\\/\\\/gabinetmysliwy.pl\\\/\",\"name\":\"Agnieszka My\u015bliwy\",\"description\":\"Gabinet psychologiczno psychoterapeutyczny\",\"potentialAction\":[{\"@type\":\"SearchAction\",\"target\":{\"@type\":\"EntryPoint\",\"urlTemplate\":\"https:\\\/\\\/gabinetmysliwy.pl\\\/?s={search_term_string}\"},\"query-input\":{\"@type\":\"PropertyValueSpecification\",\"valueRequired\":true,\"valueName\":\"search_term_string\"}}],\"inLanguage\":\"en-US\"}]}<\/script>\n<!-- \/ Yoast SEO plugin. -->","yoast_head_json":{"title":"Odkryj Si\u0142\u0119 Umys\u0142u - Agnieszka My\u015bliwy","robots":{"index":"index","follow":"follow","max-snippet":"max-snippet:-1","max-image-preview":"max-image-preview:large","max-video-preview":"max-video-preview:-1"},"canonical":"https:\/\/gabinetmysliwy.pl\/","og_locale":"en_US","og_type":"article","og_title":"Odkryj Si\u0142\u0119 Umys\u0142u - Agnieszka My\u015bliwy","og_description":"Nie ma wi\u0119kszej tragedii w \u017cyciu, ni\u017c gdy cz\u0142owiek przyjmuje obraz samego siebie, jaki kreuj\u0105 inni. Carl Gustav Jung &#8230;daj sobie pom\u00f3c&#8230; M\u00f3j gabinet to miejsce stworzone z my\u015bl\u0105 o bezpiecznej, wspieraj\u0105cej atmosferze, gdzie pacjenci mog\u0105 otwarcie rozmawia\u0107 o swoich emocjach, my\u015blach i do\u015bwiadczeniach. Znajduje si\u0119 w cichym, kameralnym miejscu, zapewniaj\u0105cym prywatno\u015b\u0107. Stonowany wystr\u00f3j zapewnia READ MORE","og_url":"https:\/\/gabinetmysliwy.pl\/","og_site_name":"Agnieszka My\u015bliwy","article_publisher":"https:\/\/www.facebook.com\/profile.php?id=100064282172855","article_modified_time":"2024-09-07T14:56:58+00:00","twitter_card":"summary_large_image","twitter_misc":{"Est. reading time":"1 minute"},"schema":{"@context":"https:\/\/schema.org","@graph":[{"@type":"WebPage","@id":"https:\/\/gabinetmysliwy.pl\/","url":"https:\/\/gabinetmysliwy.pl\/","name":"Odkryj Si\u0142\u0119 Umys\u0142u - Agnieszka My\u015bliwy","isPartOf":{"@id":"https:\/\/gabinetmysliwy.pl\/#website"},"datePublished":"2024-05-07T05:16:24+00:00","dateModified":"2024-09-07T14:56:58+00:00","breadcrumb":{"@id":"https:\/\/gabinetmysliwy.pl\/#breadcrumb"},"inLanguage":"en-US","potentialAction":[{"@type":"ReadAction","target":["https:\/\/gabinetmysliwy.pl\/"]}]},{"@type":"BreadcrumbList","@id":"https:\/\/gabinetmysliwy.pl\/#breadcrumb","itemListElement":[{"@type":"ListItem","position":1,"name":"Strona g\u0142\u00f3wna","item":"https:\/\/gabinetmysliwy.pl\/"},{"@type":"ListItem","position":2,"name":"Odkryj Si\u0142\u0119 Umys\u0142u"}]},{"@type":"WebSite","@id":"https:\/\/gabinetmysliwy.pl\/#website","url":"https:\/\/gabinetmysliwy.pl\/","name":"Agnieszka My\u015bliwy","description":"Gabinet psychologiczno psychoterapeutyczny","potentialAction":[{"@type":"SearchAction","target":{"@type":"EntryPoint","urlTemplate":"https:\/\/gabinetmysliwy.pl\/?s={search_term_string}"},"query-input":{"@type":"PropertyValueSpecification","valueRequired":true,"valueName":"search_term_string"}}],"inLanguage":"en-US"}]}},"_links":{"self":[{"href":"https:\/\/gabinetmysliwy.pl\/index.php\/wp-json\/wp\/v2\/pages\/2","targetHints":{"allow":["GET"]}}],"collection":[{"href":"https:\/\/gabinetmysliwy.pl\/index.php\/wp-json\/wp\/v2\/pages"}],"about":[{"href":"https:\/\/gabinetmysliwy.pl\/index.php\/wp-json\/wp\/v2\/types\/page"}],"author":[{"embeddable":true,"href":"https:\/\/gabinetmysliwy.pl\/index.php\/wp-json\/wp\/v2\/users\/1"}],"replies":[{"embeddable":true,"href":"https:\/\/gabinetmysliwy.pl\/index.php\/wp-json\/wp\/v2\/comments?post=2"}],"version-history":[{"count":23,"href":"https:\/\/gabinetmysliwy.pl\/index.php\/wp-json\/wp\/v2\/pages\/2\/revisions"}],"predecessor-version":[{"id":284,"href":"https:\/\/gabinetmysliwy.pl\/index.php\/wp-json\/wp\/v2\/pages\/2\/revisions\/284"}],"wp:attachment":[{"href":"https:\/\/gabinetmysliwy.pl\/index.php\/wp-json\/wp\/v2\/media?parent=2"}],"curies":[{"name":"wp","href":"https:\/\/api.w.org\/{rel}","templated":true}]}}