{"id":145,"date":"2024-09-06T17:19:34","date_gmt":"2024-09-06T17:19:34","guid":{"rendered":"https:\/\/gabinetmysliwy.pl\/?page_id=145"},"modified":"2025-12-14T11:15:55","modified_gmt":"2025-12-14T11:15:55","slug":"cennik","status":"publish","type":"page","link":"https:\/\/gabinetmysliwy.pl\/index.php\/odkryj-sile-umyslu\/cennik\/","title":{"rendered":"Cennik"},"content":{"rendered":"\t\t<div data-elementor-type=\"wp-page\" data-elementor-id=\"145\" class=\"elementor elementor-145\">\n\t\t\t\t<div class=\"elementor-element elementor-element-63693ad e-flex e-con-boxed e-con e-parent\" data-id=\"63693ad\" data-element_type=\"container\" data-e-type=\"container\">\n\t\t\t\t\t<div class=\"e-con-inner\">\n\t\t\t\t<div class=\"elementor-element elementor-element-f48a1c4 elementor-widget elementor-widget-text-editor\" data-id=\"f48a1c4\" data-element_type=\"widget\" data-e-type=\"widget\" data-widget_type=\"text-editor.default\">\n\t\t\t\t<div class=\"elementor-widget-container\">\n\t\t\t\t\t\t\t\t\t<p><strong>Psychoterapia doros\u0142ych (45min) &#8211; 160PLN <\/strong><\/p><p><strong>Psychoterapia dzieci od 8 lat i m\u0142odzie\u017cy (45min) &#8211; 160PLN<\/strong><\/p><p><strong>Diagnoza psychologiczna ADHD (wywiad, test DIVA) &#8211; 400PLN<\/strong><\/p><p><strong>Testy osobowo\u015bci i ADHD (test Diva, EPQ-R, testy projekcyjne) &#8211; 600PLN<\/strong><\/p><p><strong>Wsparcie psychologiczne w sytuacji kryzysowej &#8211; 160PLN<\/strong><\/p><p><strong>Trening relaksacyjny (45min) &#8211; 120PLN<\/strong><\/p><p><strong>Testy psychologiczne zaburze\u0144 funkcji poznawczych (ACE III, test Zegara, Test Figury Reya) &#8211; 500PLN<\/strong><\/p>\t\t\t\t\t\t\t\t<\/div>\n\t\t\t\t<\/div>\n\t\t\t\t\t<\/div>\n\t\t\t\t<\/div>\n\t\t\t\t<\/div>\n\t\t","protected":false},"excerpt":{"rendered":"<p>Psychoterapia doros\u0142ych (45min) &#8211; 160PLN Psychoterapia dzieci od 8 lat i m\u0142odzie\u017cy (45min) &#8211; 160PLN Diagnoza psychologiczna ADHD (wywiad, test DIVA) &#8211; 400PLN Testy osobowo\u015bci i ADHD (test Diva, EPQ-R, testy projekcyjne) &#8211; 600PLN Wsparcie psychologiczne w sytuacji kryzysowej &#8211; 160PLN Trening relaksacyjny (45min) &#8211; 120PLN Testy psychologiczne zaburze\u0144 funkcji poznawczych (ACE III, test Zegara, <a class=\"read-more\" href=\"https:\/\/gabinetmysliwy.pl\/index.php\/odkryj-sile-umyslu\/cennik\/\">READ MORE<\/a><\/p>\n","protected":false},"author":1,"featured_media":0,"parent":2,"menu_order":3,"comment_status":"closed","ping_status":"closed","template":"","meta":{"footnotes":""},"class_list":["post-145","page","type-page","status-publish","hentry"],"yoast_head":"<!-- This site is optimized with the Yoast SEO plugin v27.4 - https:\/\/yoast.com\/product\/yoast-seo-wordpress\/ -->\n<title>Cennik - Agnieszka My\u015bliwy<\/title>\n<meta name=\"robots\" content=\"index, follow, max-snippet:-1, max-image-preview:large, max-video-preview:-1\" \/>\n<link rel=\"canonical\" href=\"https:\/\/gabinetmysliwy.pl\/index.php\/odkryj-sile-umyslu\/cennik\/\" \/>\n<meta property=\"og:locale\" content=\"en_US\" \/>\n<meta property=\"og:type\" content=\"article\" \/>\n<meta property=\"og:title\" content=\"Cennik - Agnieszka My\u015bliwy\" \/>\n<meta property=\"og:description\" content=\"Psychoterapia doros\u0142ych (45min) &#8211; 160PLN Psychoterapia dzieci od 8 lat i m\u0142odzie\u017cy (45min) &#8211; 160PLN Diagnoza psychologiczna ADHD (wywiad, test DIVA) &#8211; 400PLN Testy osobowo\u015bci i ADHD (test Diva, EPQ-R, testy projekcyjne) &#8211; 600PLN Wsparcie psychologiczne w sytuacji kryzysowej &#8211; 160PLN Trening relaksacyjny (45min) &#8211; 120PLN Testy psychologiczne zaburze\u0144 funkcji poznawczych (ACE III, test Zegara, READ MORE\" \/>\n<meta property=\"og:url\" content=\"https:\/\/gabinetmysliwy.pl\/index.php\/odkryj-sile-umyslu\/cennik\/\" \/>\n<meta property=\"og:site_name\" content=\"Agnieszka My\u015bliwy\" \/>\n<meta property=\"article:publisher\" content=\"https:\/\/www.facebook.com\/profile.php?id=100064282172855\" \/>\n<meta property=\"article:modified_time\" content=\"2025-12-14T11:15:55+00:00\" \/>\n<meta name=\"twitter:card\" content=\"summary_large_image\" \/>\n<meta name=\"twitter:label1\" content=\"Est. reading time\" \/>\n\t<meta name=\"twitter:data1\" content=\"1 minute\" \/>\n<script type=\"application\/ld+json\" class=\"yoast-schema-graph\">{\"@context\":\"https:\\\/\\\/schema.org\",\"@graph\":[{\"@type\":\"WebPage\",\"@id\":\"https:\\\/\\\/gabinetmysliwy.pl\\\/index.php\\\/odkryj-sile-umyslu\\\/cennik\\\/\",\"url\":\"https:\\\/\\\/gabinetmysliwy.pl\\\/index.php\\\/odkryj-sile-umyslu\\\/cennik\\\/\",\"name\":\"Cennik - Agnieszka My\u015bliwy\",\"isPartOf\":{\"@id\":\"https:\\\/\\\/gabinetmysliwy.pl\\\/#website\"},\"datePublished\":\"2024-09-06T17:19:34+00:00\",\"dateModified\":\"2025-12-14T11:15:55+00:00\",\"breadcrumb\":{\"@id\":\"https:\\\/\\\/gabinetmysliwy.pl\\\/index.php\\\/odkryj-sile-umyslu\\\/cennik\\\/#breadcrumb\"},\"inLanguage\":\"en-US\",\"potentialAction\":[{\"@type\":\"ReadAction\",\"target\":[\"https:\\\/\\\/gabinetmysliwy.pl\\\/index.php\\\/odkryj-sile-umyslu\\\/cennik\\\/\"]}]},{\"@type\":\"BreadcrumbList\",\"@id\":\"https:\\\/\\\/gabinetmysliwy.pl\\\/index.php\\\/odkryj-sile-umyslu\\\/cennik\\\/#breadcrumb\",\"itemListElement\":[{\"@type\":\"ListItem\",\"position\":1,\"name\":\"Strona g\u0142\u00f3wna\",\"item\":\"https:\\\/\\\/gabinetmysliwy.pl\\\/\"},{\"@type\":\"ListItem\",\"position\":2,\"name\":\"Odkryj Si\u0142\u0119 Umys\u0142u\",\"item\":\"https:\\\/\\\/gabinetmysliwy.pl\\\/\"},{\"@type\":\"ListItem\",\"position\":3,\"name\":\"Cennik\"}]},{\"@type\":\"WebSite\",\"@id\":\"https:\\\/\\\/gabinetmysliwy.pl\\\/#website\",\"url\":\"https:\\\/\\\/gabinetmysliwy.pl\\\/\",\"name\":\"Agnieszka My\u015bliwy\",\"description\":\"Gabinet psychologiczno psychoterapeutyczny\",\"potentialAction\":[{\"@type\":\"SearchAction\",\"target\":{\"@type\":\"EntryPoint\",\"urlTemplate\":\"https:\\\/\\\/gabinetmysliwy.pl\\\/?s={search_term_string}\"},\"query-input\":{\"@type\":\"PropertyValueSpecification\",\"valueRequired\":true,\"valueName\":\"search_term_string\"}}],\"inLanguage\":\"en-US\"}]}<\/script>\n<!-- \/ Yoast SEO plugin. -->","yoast_head_json":{"title":"Cennik - Agnieszka My\u015bliwy","robots":{"index":"index","follow":"follow","max-snippet":"max-snippet:-1","max-image-preview":"max-image-preview:large","max-video-preview":"max-video-preview:-1"},"canonical":"https:\/\/gabinetmysliwy.pl\/index.php\/odkryj-sile-umyslu\/cennik\/","og_locale":"en_US","og_type":"article","og_title":"Cennik - Agnieszka My\u015bliwy","og_description":"Psychoterapia doros\u0142ych (45min) &#8211; 160PLN Psychoterapia dzieci od 8 lat i m\u0142odzie\u017cy (45min) &#8211; 160PLN Diagnoza psychologiczna ADHD (wywiad, test DIVA) &#8211; 400PLN Testy osobowo\u015bci i ADHD (test Diva, EPQ-R, testy projekcyjne) &#8211; 600PLN Wsparcie psychologiczne w sytuacji kryzysowej &#8211; 160PLN Trening relaksacyjny (45min) &#8211; 120PLN Testy psychologiczne zaburze\u0144 funkcji poznawczych (ACE III, test Zegara, READ MORE","og_url":"https:\/\/gabinetmysliwy.pl\/index.php\/odkryj-sile-umyslu\/cennik\/","og_site_name":"Agnieszka My\u015bliwy","article_publisher":"https:\/\/www.facebook.com\/profile.php?id=100064282172855","article_modified_time":"2025-12-14T11:15:55+00:00","twitter_card":"summary_large_image","twitter_misc":{"Est. reading time":"1 minute"},"schema":{"@context":"https:\/\/schema.org","@graph":[{"@type":"WebPage","@id":"https:\/\/gabinetmysliwy.pl\/index.php\/odkryj-sile-umyslu\/cennik\/","url":"https:\/\/gabinetmysliwy.pl\/index.php\/odkryj-sile-umyslu\/cennik\/","name":"Cennik - Agnieszka My\u015bliwy","isPartOf":{"@id":"https:\/\/gabinetmysliwy.pl\/#website"},"datePublished":"2024-09-06T17:19:34+00:00","dateModified":"2025-12-14T11:15:55+00:00","breadcrumb":{"@id":"https:\/\/gabinetmysliwy.pl\/index.php\/odkryj-sile-umyslu\/cennik\/#breadcrumb"},"inLanguage":"en-US","potentialAction":[{"@type":"ReadAction","target":["https:\/\/gabinetmysliwy.pl\/index.php\/odkryj-sile-umyslu\/cennik\/"]}]},{"@type":"BreadcrumbList","@id":"https:\/\/gabinetmysliwy.pl\/index.php\/odkryj-sile-umyslu\/cennik\/#breadcrumb","itemListElement":[{"@type":"ListItem","position":1,"name":"Strona g\u0142\u00f3wna","item":"https:\/\/gabinetmysliwy.pl\/"},{"@type":"ListItem","position":2,"name":"Odkryj Si\u0142\u0119 Umys\u0142u","item":"https:\/\/gabinetmysliwy.pl\/"},{"@type":"ListItem","position":3,"name":"Cennik"}]},{"@type":"WebSite","@id":"https:\/\/gabinetmysliwy.pl\/#website","url":"https:\/\/gabinetmysliwy.pl\/","name":"Agnieszka My\u015bliwy","description":"Gabinet psychologiczno psychoterapeutyczny","potentialAction":[{"@type":"SearchAction","target":{"@type":"EntryPoint","urlTemplate":"https:\/\/gabinetmysliwy.pl\/?s={search_term_string}"},"query-input":{"@type":"PropertyValueSpecification","valueRequired":true,"valueName":"search_term_string"}}],"inLanguage":"en-US"}]}},"_links":{"self":[{"href":"https:\/\/gabinetmysliwy.pl\/index.php\/wp-json\/wp\/v2\/pages\/145","targetHints":{"allow":["GET"]}}],"collection":[{"href":"https:\/\/gabinetmysliwy.pl\/index.php\/wp-json\/wp\/v2\/pages"}],"about":[{"href":"https:\/\/gabinetmysliwy.pl\/index.php\/wp-json\/wp\/v2\/types\/page"}],"author":[{"embeddable":true,"href":"https:\/\/gabinetmysliwy.pl\/index.php\/wp-json\/wp\/v2\/users\/1"}],"replies":[{"embeddable":true,"href":"https:\/\/gabinetmysliwy.pl\/index.php\/wp-json\/wp\/v2\/comments?post=145"}],"version-history":[{"count":37,"href":"https:\/\/gabinetmysliwy.pl\/index.php\/wp-json\/wp\/v2\/pages\/145\/revisions"}],"predecessor-version":[{"id":292,"href":"https:\/\/gabinetmysliwy.pl\/index.php\/wp-json\/wp\/v2\/pages\/145\/revisions\/292"}],"up":[{"embeddable":true,"href":"https:\/\/gabinetmysliwy.pl\/index.php\/wp-json\/wp\/v2\/pages\/2"}],"wp:attachment":[{"href":"https:\/\/gabinetmysliwy.pl\/index.php\/wp-json\/wp\/v2\/media?parent=145"}],"curies":[{"name":"wp","href":"https:\/\/api.w.org\/{rel}","templated":true}]}}